{"id":101,"date":"2024-01-27T17:24:34","date_gmt":"2024-01-27T08:24:34","guid":{"rendered":"https:\/\/mbrain-server.hippy.jp\/hoso3\/?page_id=101"},"modified":"2026-04-01T15:34:38","modified_gmt":"2026-04-01T06:34:38","slug":"company","status":"publish","type":"page","link":"https:\/\/hosojapan.co.jp\/vietnamese\/company\/","title":{"rendered":"COMPANY"},"content":{"rendered":"<div class=\"gray_bg\" id=\"company_message\">\n<div class=\"design_header inview animate\">\n<div class=\"title_area\">\n<h3 class=\"large_headline title\"><span>GREETING<\/span><\/h3>\n<p class=\"sub_title colored\"><span>Th\u00f4ng \u0111i\u1ec7p c\u1ee7a ng\u01b0\u1eddi \u0111\u1ea1i di\u1ec7n<\/span><\/p>\n<\/div>\n<\/div>\n<p>Hoso Sangyo trong nhi\u1ec1u n\u0103m qua \u0111\u00e3 t\u0103ng c\u01b0\u1eddng c\u00f4ng ngh\u1ec7 k\u1ef9 thu\u1eadt c\u1ee7a c\u00f4ng ty d\u1ef1a tr\u00ean s\u1ea3n xu\u1ea5t gia c\u00f4ng v\u1eadt li\u1ec7u x\u00e2y d\u1ef1ng, v\u00e0  \u0111ang n\u1ed7 l\u1ef1c \u0111\u1ea1t m\u1ee5c ti\u00eau \u0111\u01b0a c\u00f4ng ty v\u1eefng m\u1ea1nh v\u1ec1 c\u00f4ng ngh\u1ec7 h\u01a1n n\u1eefa.<br \/>\nT\u1ea1o ra m\u1ed9t m\u00f4i tr\u01b0\u1eddng s\u1ea3n xu\u1ea5t c\u00f3 th\u1ec3 gi\u1ea3m chi ph\u00ed v\u00e0 t\u0103ng n\u0103ng su\u1ea5t b\u1eb1ng c\u00e1ch t\u0103ng hi\u1ec7u qu\u1ea3 s\u1ea3n xu\u1ea5t t\u00edch h\u1ee3p t\u1eeb c\u00f4ng \u0111o\u1ea1n gia c\u00f4ng \u0111\u1ebfn l\u1eafp r\u00e1p.<br \/>\n\u0110\u1ed1i v\u1edbi ch\u00fang t\u00f4i nh\u00e2n l\u1ef1c r\u1ea5t quan tr\u1ecdng, ch\u00fang t\u00f4i \u0111ang c\u1ed1 g\u1eafng n\u00e2ng cao ch\u1ea5t l\u01b0\u1ee3ng n\u01a1i l\u00e0m vi\u1ec7c b\u1eb1ng c\u00e1ch \u0111\u00e0o t\u1ea1o nh\u1eefng nh\u00e2n t\u00e0i c\u00f3 t\u00ednh s\u00e1ng t\u1ea1o phong ph\u00fa.<\/p>\n<p align=\"right\">C\u00f4ng ty c\u1ed5 ph\u1ea7n Hoso Sangyou<br \/>\nCh\u1ee7 t\u1ecbch\u3000Ryuji Oda<\/p>\n<\/div>\n<div class=\"design_header inview\">\n<div class=\"title_area\">\n<h2 class=\"large_headline\"><span>PROFILE<\/span><\/h2>\n<p class=\"sub_title colored\"><span>Kh\u00e1i qu\u00e1t v\u1ec1 doanh nghi\u1ec7p<\/span><\/p>\n<\/div>\n<div class=\"desc\">\n<\/div>\n<\/div>\n<div class=\"s_table\"><table>\n<tbody>\n<tr>\n<th>T\u00ean cty<\/th>\n<td>C\u00f4ng ty c\u1ed5 ph\u1ea7n Hoso Sangyou<\/td>\n<\/tr>\n<tr>\n<th>\u0110\u1ecba ch\u1ec9 tr\u1ee5 s\u1edf ch\u00ednh<\/th>\n<td>\nM\u00e3 b\u01b0u \u0111i\u1ec7n 509-0146 T\u1ec9nh Gifu Th\u00e0nh ph\u1ed1 Kakamigahara Th\u1ecb tr\u1ea5n Unuma Mitsuike khu ph\u1ed1 6 khu d\u00e2n c\u01b0 424-1<br \/>\nTel\uff1a058-384-4905<br \/>\nFax\uff1a058-384-4908\n<\/td>\n<\/tr>\n<tr>\n<th>V\u1ed1n \u0111\u1ea7u t\u01b0<\/th>\n<td>30 tri\u1ec7u y\u00ean<\/td>\n<\/tr>\n<tr>\n<th>Doanh thu<\/th>\n<td>\u00a54,097,390,000 (k\u1ebft qu\u1ea3 t\u00e0i ch\u00ednh n\u0103m 2025)<br \/>\n\u00a53,937,550,000 (N\u0103m 2024)<br \/>\n\u00a53,844,260,000 (N\u0103m 2023)<br \/>\n\u00a53,513,790,000 (N\u0103m 2022)<br \/>\n\u00a53,083,050,000 (N\u0103m 2021)<br \/>\n\u00a52,699,630,000 (N\u0103m 2020)<\/td>\n<\/tr>\n<tr>\n<th>Th\u00e0nh l\u1eadp<\/th>\n<td>n\u0103m 1938 (\u0110\u0103ng k\u00fd ph\u00e1p nh\u00e2n ng\u00e0y 1 th\u00e1ng 2 n\u0103m 1964)<\/td>\n<\/tr>\n<tr>\n<th>Ng\u01b0\u1eddi \u0111\u1ea1i di\u1ec7n<\/th>\n<td>Gi\u00e1m \u0111\u1ed1c \u0111\u1ea1i di\u1ec7n Ryuji Oda<\/td>\n<\/tr>\n<tr>\n<th>S\u1ed1 l\u01b0\u1ee3ng nh\u00e2n vi\u00ean<\/th>\n<td>Hoso Sangyo 90 ng\u01b0\u1eddi,   Hoao 49 ng\u01b0\u1eddi,  Hoso Vi\u1ec7t Nam 160 ng\u01b0\u1eddi.<\/td>\n<\/tr>\n<tr>\n<th>N\u1ed9i dung c\u00f4ng vi\u1ec7c<\/th>\n<td>S\u1ea3n xu\u1ea5t v\u1eadt li\u1ec7u n\u1ed9i th\u1ea5t g\u1ed7 (qu\u1ea7y, t\u1ee7, v\u1eadt li\u1ec7u x\u00e2y d\u1ef1ng, v.v.)<\/td>\n<\/tr>\n<tr>\n<th>Kh\u00e1ch h\u00e0ng ch\u00ednh<\/th>\n<td>C\u00e1c nh\u00e0 s\u1ea3n xu\u1ea5t v\u1eadt li\u1ec7u x\u00e2y d\u1ef1ng l\u1edbn, nh\u00e0 s\u1ea3n xu\u1ea5t nh\u00e0 \u1edf, v\u0103n ph\u00f2ng thi\u1ebft k\u1ebf, v.v.<\/td>\n<\/tr>\n<tr>\n<th>Ng\u00e2n h\u00e0ng h\u1ee3p t\u00e1c ch\u00ednh<\/th>\n<td>Ng\u00e2n h\u00e0ng t\u00edn d\u1ee5ng Gifu, Ng\u00e2n h\u00e0ng 16, t\u1eadp \u0111o\u00e0n ng\u00e2n h\u00e0ng Sumitomo Mitsui<\/td>\n<\/tr>\n<tr>\n<th>C\u00f4ng ty trong t\u1eadp \u0111o\u00e0n<\/th>\n<td><strong>C\u00f4ng ty TNHH Hoso Holdings<\/strong><br \/>\nC\u00f4ng ty li\u00ean k\u1ebft trong t\u1eadp \u0111o\u00e0n<br \/>\n6-429 Unuma Mitsuike-cho, Th\u00e0nh ph\u1ed1 Kakamigahara, T\u1ec9nh Gifu 509-0146, Nh\u1eadt B\u1ea3n<\/p>\n<p><strong>C\u00f4ng ty TNHH HOAO<\/strong><br \/>\nC\u01a1 s\u1edf h\u1ed7 tr\u1ee3 vi\u1ec7c l\u00e0m li\u00ean t\u1ee5c lo\u1ea1i A<br \/>\n6-424-1 Unuma Mitsuike-cho, Th\u00e0nh ph\u1ed1 Kakamigahara, T\u1ec9nh Gifu 509-0146, Nh\u1eadt B\u1ea3n<br \/>\nTEL: +81-58-384-6566<\/p>\n<p><strong>C\u00f4ng ty TNHH Only One Wan<\/strong><br \/>\n3-2-16 Sohara Kakizawa-cho, Th\u00e0nh ph\u1ed1 Kakamigahara, T\u1ec9nh Gifu 504-0825, Nh\u1eadt B\u1ea3n<\/td>\n<\/tr>\n<\/tbody>\n<\/table><\/div>\n<h3 class=\"styled_h3\">Ch\u1ee9ng nh\u1eadn t\u1ed5 ch\u1ee9c qu\u1ea3n l\u00fd s\u1ee9c kh\u1ecfe v\u00e0 n\u0103ng su\u1ea5t<\/h3>\n<div class=\"post_row\">\n<div class=\"post_col post_col-2\">V\u00e0o ng\u00e0y 11 th\u00e1ng 3 n\u0103m 2020 ( L\u1ec7nh  H\u00f2a th\u1ee9 6), ch\u00fang t\u00f4i \u0111\u00e3 \u0111\u01b0\u1ee3c ch\u1ee9ng nh\u1eadn l\u00e0 Doanh nghi\u1ec7p v\u1eeba v\u00e0 nh\u1ecf \u0111\u1ea1t  [Ch\u1ee9ng nh\u1eadn t\u1ed5 ch\u1ee9c qu\u1ea3n l\u00fd s\u1ee9c kh\u1ecfe v\u00e0 n\u0103ng su\u1ea5t n\u0103m 2024 ] thu\u1ed9c [H\u1ec7 th\u1ed1ng ch\u1ee9ng nh\u1eadn t\u1ed5 ch\u1ee9c qu\u1ea3n l\u00fd n\u0103ng su\u1ea5t v\u00e0 s\u1ee9c kh\u1ecfe n\u0103m 2024 ]c\u1ee7a B\u1ed9 C\u00f4ng th\u01b0\u01a1ng.<br \/>\n<!--\n\n<div class=\"q_button_wrap\"><a href=\"https:\/\/hosojapan.co.jp\/recruit\/kenkosengen\/\" target=\"_blank\" style=\"width:100%;\" class=\"q_custom_button q_custom_button3\" rel=\"noopener\">\u25b6 \u5065\u5eb7\u7d4c\u55b6\u512a\u826f\u6cd5\u4eba\u306b\u3064\u3044\u3066<\/a><\/div>\n\n--><\/div>\n<div class=\"post_col post_col-2\"><img loading=\"lazy\" decoding=\"async\" src=\"https:\/\/hosojapan.co.jp\/wp-content\/uploads\/2026\/03\/kenkokeiei2024-2.jpg\" alt=\"\" width=\"550\" height=\"120\" class=\"aligncenter size-full wp-image-1631\" \/><\/div>\n<\/div>\n<h3 class=\"styled_h3\">\u0110\u1ea1t ch\u1ee9ng ch\u1ec9 ISO<\/h3>\n<p>Ch\u00fang t\u00f4i \u0111\u00e3 x\u00e2y d\u1ef1ng h\u1ec7 th\u1ed1ng v\u1eadn h\u00e0nh d\u1ef1a tr\u00ean c\u00e1c ti\u00eau chu\u1ea9n qu\u1ed1c t\u1ebf v\u1ec1 ch\u1ea5t l\u01b0\u1ee3ng, m\u00f4i tr\u01b0\u1eddng v\u00e0 an to\u00e0n v\u1ec7 sinh lao \u0111\u1ed9ng (ISO), \u0111\u1ed3ng th\u1eddi \u0111\u00e3 \u0111\u1ea1t \u0111\u01b0\u1ee3c ch\u1ee9ng nh\u1eadn. D\u01b0\u1edbi c\u00e1c ch\u00ednh s\u00e1ch \u0111\u00e3 \u0111\u1ec1 ra, ch\u00fang t\u00f4i kh\u00f4ng ng\u1eebng n\u1ed7 l\u1ef1c duy tr\u00ec v\u00e0 n\u00e2ng cao ch\u1ea5t l\u01b0\u1ee3ng, \u0111\u1ed3ng th\u1eddi c\u00e2n b\u1eb1ng v\u1edbi vi\u1ec7c b\u1ea3o v\u1ec7 m\u00f4i tr\u01b0\u1eddng to\u00e0n c\u1ea7u v\u00e0 \u0111\u1ea3m b\u1ea3o an to\u00e0n cho ng\u01b0\u1eddi lao \u0111\u1ed9ng.<\/p>\n<h4 class=\"styled_h4\">Ch\u00ednh s\u00e1ch Ch\u1ea5t l\u01b0\u1ee3ng, M\u00f4i tr\u01b0\u1eddng v\u00e0 An to\u00e0n v\u1ec7 sinh lao \u0111\u1ed9ng<\/h4>\n<ul>\n<li>Ch\u00fang t\u00f4i \u0111\u1eb7t an to\u00e0n l\u00ean h\u00e0ng \u0111\u1ea7u.<\/li>\n<li>Th\u00f4ng qua vi\u1ec7c s\u1ea3n xu\u1ea5t c\u00e1c s\u1ea3n ph\u1ea9m n\u1ed9i th\u1ea5t (nh\u01b0 qu\u1ea7y, t\u1ee7, v\u00e0 c\u00e1c s\u1ea3n ph\u1ea9m gia c\u00f4ng theo y\u00eau c\u1ea7u), ch\u00fang t\u00f4i \u0111\u00f3ng g\u00f3p cho c\u1ed9ng \u0111\u1ed3ng \u0111\u1ecba ph\u01b0\u01a1ng, \u0111\u1eddi s\u1ed1ng ng\u01b0\u1eddi d\u00e2n, ng\u00e0nh c\u00f4ng nghi\u1ec7p v\u00e0 n\u1ec1n kinh t\u1ebf.<\/li>\n<li>Ch\u00fang t\u00f4i \u0111\u00e1p \u1ee9ng k\u1ef3 v\u1ecdng v\u00e0 nhu c\u1ea7u c\u1ee7a ng\u01b0\u1eddi s\u1eed d\u1ee5ng v\u00e0 kh\u00e1ch h\u00e0ng, h\u01b0\u1edbng t\u1edbi n\u00e2ng cao s\u1ef1 h\u00e0i l\u00f2ng c\u1ee7a kh\u00e1ch h\u00e0ng.<\/li>\n<li>Ch\u00fang t\u00f4i ch\u00fa tr\u1ecdng \u0111\u1ebfn c\u1ed9ng \u0111\u1ed3ng \u0111\u1ecba ph\u01b0\u01a1ng v\u00e0 h\u1ec7 sinh th\u00e1i t\u1ef1 nhi\u00ean, n\u1ed7 l\u1ef1c ng\u0103n ng\u1eeba \u00f4 nhi\u1ec5m m\u00f4i tr\u01b0\u1eddng v\u00e0 \u1ee9ng ph\u00f3 v\u1edbi bi\u1ebfn \u0111\u1ed5i kh\u00ed h\u1eadu.<\/li>\n<li>Ch\u00fang t\u00f4i ph\u00f2ng ng\u1eeba tai n\u1ea1n lao \u0111\u1ed9ng v\u00e0 b\u1ec7nh ngh\u1ec1 nghi\u1ec7p b\u1eb1ng c\u00e1ch lo\u1ea1i b\u1ecf c\u00e1c m\u1ed1i nguy v\u00e0 gi\u1ea3m thi\u1ec3u r\u1ee7i ro v\u1ec1 an to\u00e0n, v\u1ec7 sinh lao \u0111\u1ed9ng.<\/li>\n<li>Ch\u00fang t\u00f4i tu\u00e2n th\u1ee7 c\u00e1c quy \u0111\u1ecbnh ph\u00e1p lu\u1eadt, y\u00eau c\u1ea7u quy chu\u1ea9n v\u00e0 y\u00eau c\u1ea7u t\u1eeb kh\u00e1ch h\u00e0ng.<\/li>\n<li>Ch\u00fang t\u00f4i li\u00ean t\u1ee5c c\u1ea3i ti\u1ebfn v\u1edbi s\u1ef1 tham gia c\u1ee7a to\u00e0n th\u1ec3 nh\u00e2n vi\u00ean \u0111\u1ec3 \u0111\u1ea3m b\u1ea3o h\u1ec7 th\u1ed1ng qu\u1ea3n l\u00fd lu\u00f4n hi\u1ec7u qu\u1ea3.<\/li>\n<li>Ch\u00fang t\u00f4i c\u1ea3i thi\u1ec7n m\u00f4i tr\u01b0\u1eddng l\u00e0m vi\u1ec7c v\u00e0 th\u00fac \u0111\u1ea9y \u0111\u1ed1i tho\u1ea1i h\u00e0i h\u00f2a gi\u1eefa ng\u01b0\u1eddi lao \u0111\u1ed9ng v\u00e0 doanh nghi\u1ec7p nh\u1eb1m x\u00e2y d\u1ef1ng n\u01a1i l\u00e0m vi\u1ec7c th\u00e2n thi\u1ec7n cho t\u1ea5t c\u1ea3 m\u1ecdi ng\u01b0\u1eddi.<\/li>\n<li>Ch\u00fang t\u00f4i n\u1ed7 l\u1ef1c \u0111\u1ea1t \u0111\u01b0\u1ee3c c\u00e1c m\u1ee5c ti\u00eau v\u1ec1 ch\u1ea5t l\u01b0\u1ee3ng, m\u00f4i tr\u01b0\u1eddng v\u00e0 an to\u00e0n v\u1ec7 sinh lao \u0111\u1ed9ng.<\/li>\n<\/ul>\n<p style=\"text-align:right;\">Ng\u00e0y 1 th\u00e1ng 1 n\u0103m 2025<br \/>\nC\u00f4ng ty TNHH Hoso Sangyo<br \/>\nT\u1ed5ng Gi\u00e1m \u0111\u1ed1c ki\u00eam Ch\u1ee7 t\u1ecbch: Ryuji Oda<\/p>\n<div class=\"post_row\">\n<div class=\"post_col post_col-2\">\n<h5 class=\"styled_h5\">Ch\u00ednh s\u00e1ch Ch\u1ea5t l\u01b0\u1ee3ng<\/h5>\n<p><img loading=\"lazy\" decoding=\"async\" src=\"https:\/\/hosojapan.co.jp\/wp-content\/uploads\/2025\/10\/9001.jpg\" alt=\"\" width=\"1265\" height=\"877\" class=\"aligncenter size-full wp-image-1603\" \/><a href=\"https:\/\/hosojapan.co.jp\/wp-content\/uploads\/2025\/10\/9001\u767b\u9332\u8a3c.pdf\" target=\"_blank\"><i class=\"fa-solid fa-download\"><\/i> ISO9001 Gi\u1ea5y ch\u1ee9ng nh\u1eadn\uff08PDF\uff09<\/a><\/div>\n<div class=\"post_col post_col-2\">\n<h5 class=\"styled_h5\">Ch\u00ednh s\u00e1ch M\u00f4i tr\u01b0\u1eddng<\/h5>\n<p><img loading=\"lazy\" decoding=\"async\" src=\"https:\/\/hosojapan.co.jp\/wp-content\/uploads\/2025\/10\/14001.jpg\" alt=\"\" width=\"1265\" height=\"877\" class=\"aligncenter size-full wp-image-1604\" \/><a href=\"https:\/\/hosojapan.co.jp\/wp-content\/uploads\/2025\/10\/14001\u767b\u9332\u8a3c.pdf\" target=\"_blank\"><i class=\"fa-solid fa-download\"><\/i> ISO14001 Gi\u1ea5y ch\u1ee9ng nh\u1eadn\uff08PDF\uff09<\/a><\/div>\n<\/div>\n<div class=\"post_row\">\n<div class=\"post_col post_col-2\">\n<h5 class=\"styled_h5\">Ch\u00ednh s\u00e1ch An to\u00e0n v\u00e0 V\u1ec7 sinh Lao \u0111\u1ed9ng<\/h5>\n<p><img loading=\"lazy\" decoding=\"async\" src=\"https:\/\/hosojapan.co.jp\/wp-content\/uploads\/2025\/10\/45001.jpg\" alt=\"\" width=\"1265\" height=\"877\" class=\"aligncenter size-full wp-image-1605\" \/><a href=\"https:\/\/hosojapan.co.jp\/wp-content\/uploads\/2025\/10\/45001\u767b\u9332\u8a3c.pdf\" target=\"_blank\"><i class=\"fa-solid fa-download\"><\/i> ISO45001 Gi\u1ea5y ch\u1ee9ng nh\u1eadn\uff08PDF\uff09<\/a><\/div>\n<div class=\"post_col post_col-2\"><\/div>\n<\/div>\n<h3 class=\"styled_h3\">Doanh nghi\u1ec7p cung c\u1ea5p g\u1ed7 h\u1ee3p ph\u00e1p<\/h3>\n<p>Ch\u00fang t\u00f4i \u0111\u00e3 \u0111\u01b0\u1ee3c c\u00f4ng nh\u1eadn l\u00e0 \u201cDoanh nghi\u1ec7p cung c\u1ea5p g\u1ed7 h\u1ee3p ph\u00e1p\u201d. B\u1eb1ng vi\u1ec7c tu\u00e2n th\u1ee7 c\u00e1c quy \u0111\u1ecbnh ph\u00e1p lu\u1eadt li\u00ean quan \u0111\u1ebfn l\u00e2m nghi\u1ec7p v\u00e0 ch\u1ec9 s\u1eed d\u1ee5ng g\u1ed7 \u0111\u01b0\u1ee3c khai th\u00e1c h\u1ee3p ph\u00e1p, ch\u00fang t\u00f4i g\u00f3p ph\u1ea7n b\u1ea3o v\u1ec7 m\u00f4i tr\u01b0\u1eddng v\u00e0 s\u1eed d\u1ee5ng b\u1ec1n v\u1eefng ngu\u1ed3n t\u00e0i nguy\u00ean r\u1eebng.<\/p>\n<p><a href=\"https:\/\/hosojapan.co.jp\/wp-content\/uploads\/2025\/03\/\u5408\u6cd5\u6728\u6750\u7b49\u4f9b\u7d66\u4e8b\u696d\u8005\u8a8d\u5b9a\u66f8\u3000R4.12.12.pdf\" target=\"_blank\" rel=\"noopener\">Gi\u1ea5y ch\u1ee9ng nh\u1eadn Doanh nghi\u1ec7p cung c\u1ea5p g\u1ed7 v\u00e0 s\u1ea3n ph\u1ea9m g\u1ed7 h\u1ee3p ph\u00e1p <i class=\"fas fa-external-link-alt\"><\/i><\/a><\/p>\n<div class=\"design_header inview\">\n<div class=\"title_area\">\n<h2 class=\"large_headline\"><span>HISTORY<\/span><\/h2>\n<p class=\"sub_title colored\"><span>L\u1ecbch s\u1eed c\u00f4ng ty<\/span><\/p>\n<\/div>\n<div class=\"desc\">\n<\/div>\n<\/div>\n<div class=\"s_table\"><table>\n<tbody>\n<tr>\n<th>N\u0103m 1938<\/th>\n<td>Th\u00e0nh l\u1eadp x\u01b0\u1edfng g\u1ed7 Oda, b\u1eaft \u0111\u1ea7u s\u1ea3n xu\u1ea5t ph\u1ee5 ki\u1ec7n g\u1ed7<\/td>\n<\/tr>\n<tr>\n<th>1960\/3<\/th>\n<td>B\u1eaft \u0111\u1ea7u s\u1ea3n xu\u1ea5t h\u00e0ng t\u1ee7 b\u00fap b\u00ea<\/td>\n<\/tr>\n<tr>\n<th>1964\/2<\/th>\n<td>\u0110\u0103ng k\u00fd ph\u00e1p nh\u00e2n  B\u1eaft \u0111\u1ea7u s\u1ea3n xu\u1ea5t h\u00e0ng khung nh\u00f4m<\/td>\n<\/tr>\n<tr>\n<th>1989\/4<\/th>\n<td>Th\u00e0nh l\u1eadp b\u1ed9 ph\u1eadn s\u01a1n<\/td>\n<\/tr>\n<tr>\n<th>1995\/4<\/th>\n<td>B\u1eaft \u0111\u1ea7u s\u1ea3n xu\u1ea5t h\u00e0ng v\u1eadt li\u1ec7u x\u00e2y d\u1ef1ng<\/td>\n<\/tr>\n<tr>\n<th>1997\/4<\/th>\n<td>Th\u00e0nh l\u1eadp x\u01b0\u1edfng th\u1ee9 2 t\u1ea1i th\u1ecb tr\u1ea5n Asahi th\u00e0nh ph\u1ed1 Kakamigahara T\u1ec9nh Gifu<\/td>\n<\/tr>\n<tr>\n<th>2004\/4<\/th>\n<td>Th\u00e0nh l\u1eadp nh\u00e0 m\u00e1y Kakamigahara t\u1ea1i th\u1ecb tr\u1ea5n Mitsuike c\u1ee7a th\u00e0nh ph\u1ed1 Kakamigahara T\u1ec9nh Gifu<\/td>\n<\/tr>\n<tr>\n<th>2007\/1<\/th>\n<td>Mua \u0111\u1ea5t \u0111\u1ec3 x\u00e2y d\u1ef1ng nh\u00e0 m\u00e1y Kakamigahara<\/td>\n<\/tr>\n<tr>\n<th>2008\/1<\/th>\n<td>Th\u00e0nh l\u1eadp x\u01b0\u1edfng Asahi<\/td>\n<\/tr>\n<tr>\n<th>2009\/6<\/th>\n<td>Th\u00e0nh l\u1eadp C\u00f4ng ty TNHH Hoso Vi\u1ec7t Nam (B\u1eaft \u0111\u1ea7u ho\u1ea1t \u0111\u1ed9ng t\u1eeb th\u00e1ng 10 n\u0103m 2009)<\/td>\n<\/tr>\n<tr>\n<th>2009\/10<\/th>\n<td>\u0110\u1ea1t ch\u1ee9ng nh\u1eadn ISO9001<\/td>\n<\/tr>\n<tr>\n<th>2010\/4<\/th>\n<td>Chuy\u1ec3n \u0111\u1ed5i c\u01a1 c\u1ea5u t\u1eeb C\u00f4ng ty TNHH sang C\u00f4ng ty c\u1ed5 ph\u1ea7n<\/td>\n<\/tr>\n<tr>\n<th>2011\/4<\/th>\n<td>T\u0103ng v\u1ed1n cho Hoso Vi\u1ec7t Nam<\/td>\n<\/tr>\n<tr>\n<th>2012\/3<\/th>\n<td>\u0110\u00f3ng c\u1eeda nh\u00e0 m\u00e1y Asahi, nh\u00e0 m\u00e1y Mitsuike, chuy\u1ec3n qua nh\u00e0 m\u00e1y m\u1edbi<\/td>\n<\/tr>\n<tr>\n<th>2012\/3<\/th>\n<td>Ho\u00e0n th\u00e0nh v\u00e0 di d\u1eddi qua nh\u00e0 m\u00e1y m\u1edbi c\u1ee7a Hoso Vi\u1ec7t Nam<\/td>\n<\/tr>\n<tr>\n<th>2014\/4<\/th>\n<td>M\u1edf c\u01a1 s\u1edf h\u1ed7 tr\u1ee3 vi\u1ec7c l\u00e0m cho ng\u01b0\u1eddi khuy\u1ebft t\u1eadt (Th\u00e0nh l\u1eadp c\u00f4ng ty HOAO)<\/td>\n<\/tr>\n<tr>\n<th>2016\/4<\/th>\n<td>Nh\u1eadp v\u1ec1  h\u1ec7 th\u1ed1ng m\u00e1y phun s\u01a1n t\u1ef1 \u0111\u1ed9ng<\/td>\n<\/tr>\n<tr>\n<th>2016\/10<\/th>\n<td>Th\u00e0nh l\u1eadp Hoso Vietnam chi nh\u00e1nh Hu\u1ebf, th\u1ef1c hi\u1ec7n chuy\u1ec3n \u0111\u1ed5i s\u1ed1, th\u00e0nh l\u1eadp trung t\u00e2m d\u1eef li\u1ec7u CAD<\/td>\n<\/tr>\n<tr>\n<th>2018\/3<\/th>\n<td>S\u1ed1 h\u00f3a quy tr\u00ecnh s\u1ea3n xu\u1ea5t, h\u01b0\u1edbng \u0111\u1ebfn x\u00e2y d\u1ef1ng Nh\u00e0 m\u00e1y th\u00f4ng minh<\/td>\n<\/tr>\n<tr>\n<th>2021\/1<\/th>\n<td>T\u0103ng v\u1ed1n l\u00ean 30 tri\u1ec7u y\u00ean<br \/>\nB\u1eaft \u0111\u1ea7u s\u1ea3n xu\u1ea5t t\u1ee7 cabinet \u1edf Hoso Vietnam<\/td>\n<\/tr>\n<tr>\n<th>2022\/11<\/th>\n<td>\u0110\u1ea1t ch\u1ee9ng nh\u1eadn SBT v\u1ec1 trung h\u00f2a cacbon<\/td>\n<\/tr>\n<tr>\n<th>2022\/12<\/th>\n<td>\u0110\u1ea1t ch\u1ee9ng nh\u1eadn ISO14001<\/td>\n<\/tr>\n<tr>\n<th>2024\/3<\/th>\n<td>\u0110\u01b0\u1ee3c ch\u1ee9ng nh\u1eadn l\u00e0 Doanh nghi\u1ec7p xu\u1ea5t s\u1eafc trong qu\u1ea3n l\u00fd v\u1ec1 s\u1ee9c kh\u1ecfe v\u00e0 n\u0103ng su\u1ea5t<\/td>\n<\/tr>\n<tr>\n<th>2025\/10<\/th>\n<td>\u0110\u1ea1t ch\u1ee9ng nh\u1eadn ISO45001<\/td>\n<\/tr>\n<\/tbody>\n<\/table><\/div>\n<div class=\"design_header inview\">\n<div class=\"title_area\">\n<h2 class=\"large_headline\"><span>ACCESS<\/span><\/h2>\n<p class=\"sub_title colored\"><span>B\u1ea3n \u0111\u1ed3 truy c\u1eadp<\/span><\/p>\n<\/div>\n<div class=\"desc\">\n<\/div>\n<\/div>\n<div class=\"post_row\">\n<div class=\"post_col post_col-2\">\n<h5 class=\"styled_h5\">Tr\u1ee5 s\u1edf ch\u00ednh<\/h5>\n<p>M\u00e3 b\u01b0u \u0111i\u1ec7n 509-0146 T\u1ec9nh Gifu Th\u00e0nh ph\u1ed1 Kakamigahara Th\u1ecb tr\u1ea5n Unuma Mitsuike khu ph\u1ed1 6 khu d\u00e2n c\u01b0 424-1<br \/>\nTEL\uff1a058-384-4905\u3000FAX\uff1a058-384-4908<\/p>\n<p><iframe loading=\"lazy\" src=\"https:\/\/www.google.com\/maps\/embed?pb=!1m18!1m12!1m3!1d3252.4720167576465!2d136.89171021562143!3d35.39354898026252!2m3!1f0!2f0!3f0!3m2!1i1024!2i768!4f13.1!3m3!1m2!1s0x60030ea7a4aab877%3A0x4a4501893416a05a!2z6LGK5qGR55Sj5qWt5qCq5byP5Lya56S-!5e0!3m2!1sja!2sjp!4v1515729450030\" width=\"100%\" height=\"450\" frameborder=\"0\" style=\"border:0\" allowfullscreen><\/iframe><\/div>\n<div class=\"post_col post_col-2\">\n<h5 class=\"styled_h5\">Nh\u00e0 m\u00e1y Fuso<\/h5>\n<p>M\u00e3 b\u01b0u \u0111i\u1ec7n 480-0102 T\u1ec9nh Aichi Qu\u1eadn Niwa Th\u1ecb tr\u1ea5n Fuso Takaoji Tendo 434<br \/>\nTEL\uff1a0587-93-2751\u3000FAX\uff1a0587-93-8534<\/p>\n<p><iframe src=\"https:\/\/www.google.com\/maps\/embed?pb=!1m18!1m12!1m3!1d3253.8894253085764!2d136.91228381534782!3d35.35839038027094!2m3!1f0!2f0!3f0!3m2!1i1024!2i768!4f13.1!3m3!1m2!1s0x60030ea7a57dbb87%3A0x931367fd5c2bc34d!2z44CSNDgwLTAxMDIg5oSb55-l55yM5Li557696YOh5om25qGR55S66auY6ZuE5aSp6YGT77yU77yT77yV!5e0!3m2!1sja!2sjp!4v1630724374458!5m2!1sja!2sjp\" width=\"100%\" height=\"450\" style=\"border:0;\" allowfullscreen=\"\" loading=\"lazy\"><\/iframe><\/div>\n<\/div>\n<div class=\"su-divider su-divider-style-dotted\" style=\"margin:40px 0;border-width:1px;border-color:#cccccc\"><\/div>\n<div class=\"post_row\">\n<div class=\"post_col post_col-2\">\n<h5 class=\"styled_h5\">Nh\u00e0 m\u00e1y \u0110\u00e0 N\u1eb5ng- Vi\u1ec7t Nam<\/h5>\n<p>Lot B1, Road No.3, Hoa Khanh Industrial zone, Lien Chieu Ward, Da Nang City, Vietnam<br \/>\nTEL +84-236-3735967<\/p>\n<p><iframe loading=\"lazy\" src=\"https:\/\/www.google.com\/maps\/embed?pb=!1m18!1m12!1m3!1d30637.698756811292!2d108.11624377066945!3d16.08104624804541!2m3!1f0!2f0!3f0!3m2!1i1024!2i768!4f13.1!3m3!1m2!1s0x0%3A0x26ff38ca136f3225!2zQ8O0bmcgVHkgSG9zbyBWaeG7h3QgTmFt!5e0!3m2!1sja!2sjp!4v1519743654205\" width=\"100%\" height=\"450\" frameborder=\"0\" style=\"border:0\" allowfullscreen><\/iframe>\n<\/div>\n<div class=\"post_col post_col-2\">\n<h5 class=\"styled_h5\">Chi nh\u00e1nh Hu\u1ebf- Vi\u1ec7t Nam (Trung t\u00e2m CAD)<\/h5>\n<p>7th Floor, No. 28 Ly Thuong Kiet Street, Vinh Ninh Ward, Hue City, Thua Thien Hue Province, VietNam.<br \/>\nTEL +84-794-263335<\/p>\n<p><iframe loading=\"lazy\" src=\"https:\/\/www.google.com\/maps\/embed?pb=!1m18!1m12!1m3!1d43732.68140573462!2d107.56450868293716!3d16.453586443111547!2m3!1f0!2f0!3f0!3m2!1i1024!2i768!4f13.1!3m3!1m2!1s0x0%3A0xcdfef5075015f2d1!2sHoso+Viet+Nam+.%2CLTD!5e0!3m2!1sja!2sjp!4v1519743549246\" width=\"100%\" height=\"450\" frameborder=\"0\" style=\"border:0\" allowfullscreen><\/iframe><\/div>\n<\/div>\n","protected":false},"excerpt":{"rendered":"GREETING Th\u00f4ng \u0111i\u1ec7p c\u1ee7a ng\u01b0\u1eddi \u0111\u1ea1i di\u1ec7n Hoso Sangyo trong nhi\u1ec1u n\u0103m qua \u0111\u00e3 t\u0103ng c\u01b0\u1eddng c\u00f4ng ngh\u1ec7 k\u1ef9 thu\u1eadt c\u1ee7a c\u00f4ng ty d\u1ef1a tr\u00ean s\u1ea3n xu\u1ea5t gia c\u00f4ng v\u1eadt li\u1ec7u x\u00e2y d\u1ef1ng, v\u00e0 \u0111ang n\u1ed7 l\u1ef1c \u0111\u1ea1t m\u1ee5c ti\u00eau \u0111\u01b0a c\u00f4ng ty v\u1eefng m\u1ea1nh v\u1ec1 c\u00f4ng ngh\u1ec7 h\u01a1n n\u1eefa. T\u1ea1o ra m\u1ed9t m\u00f4i tr\u01b0\u1eddng [&hellip;]","protected":false},"author":1,"featured_media":0,"parent":0,"menu_order":10,"comment_status":"closed","ping_status":"closed","template":"","meta":{"footnotes":""},"class_list":["post-101","page","type-page","status-publish","hentry"],"_links":{"self":[{"href":"https:\/\/hosojapan.co.jp\/vietnamese\/wp-json\/wp\/v2\/pages\/101","targetHints":{"allow":["GET"]}}],"collection":[{"href":"https:\/\/hosojapan.co.jp\/vietnamese\/wp-json\/wp\/v2\/pages"}],"about":[{"href":"https:\/\/hosojapan.co.jp\/vietnamese\/wp-json\/wp\/v2\/types\/page"}],"author":[{"embeddable":true,"href":"https:\/\/hosojapan.co.jp\/vietnamese\/wp-json\/wp\/v2\/users\/1"}],"replies":[{"embeddable":true,"href":"https:\/\/hosojapan.co.jp\/vietnamese\/wp-json\/wp\/v2\/comments?post=101"}],"version-history":[{"count":75,"href":"https:\/\/hosojapan.co.jp\/vietnamese\/wp-json\/wp\/v2\/pages\/101\/revisions"}],"predecessor-version":[{"id":1555,"href":"https:\/\/hosojapan.co.jp\/vietnamese\/wp-json\/wp\/v2\/pages\/101\/revisions\/1555"}],"wp:attachment":[{"href":"https:\/\/hosojapan.co.jp\/vietnamese\/wp-json\/wp\/v2\/media?parent=101"}],"curies":[{"name":"wp","href":"https:\/\/api.w.org\/{rel}","templated":true}]}}