{"id":210,"date":"2024-01-28T20:58:47","date_gmt":"2024-01-28T11:58:47","guid":{"rendered":"https:\/\/mbrain-server.hippy.jp\/hoso3\/?page_id=210"},"modified":"2026-04-01T15:35:25","modified_gmt":"2026-04-01T06:35:25","slug":"materiality","status":"publish","type":"page","link":"https:\/\/hosojapan.co.jp\/vietnamese\/sustainability\/materiality\/","title":{"rendered":"Nh\u1eefng n\u1ed7 l\u1ef1c t\u00edch c\u1ef1c h\u01b0\u1edbng t\u1edbi trung h\u00f2a cacbon"},"content":{"rendered":"<h3 class=\"styled_h3\"><span style=\"font-size: 60%;\">MATERIALITY 01<\/span><br \/>\nNh\u1eefng n\u1ed7 l\u1ef1c t\u00edch c\u1ef1c trong vi\u1ec7c trung h\u00f2a cacbon \u0111\u1ebfn m\u00f4i tr\u01b0\u1eddng to\u00e0n c\u1ea7u<\/h3>\n<p>Trong ho\u1ea1t \u0111\u1ed9ng kinh doanh c\u1ee7a m\u00ecnh, ch\u00fang t\u00f4i \u0111\u00e3 thi\u1ebft l\u1eadp c\u00e1c ph\u01b0\u01a1ng ch\u00e2m sau \u0111\u00e2y \u0111\u1ec3 n\u1ed7 l\u1ef1c t\u00edch c\u1ef1c th\u00fac \u0111\u1ea9y trung h\u00f2a carbon \u0111\u1ebfn m\u00f4i tr\u01b0\u1eddng to\u00e0n c\u1ea7u.<\/p>\n<div class=\"post_row inview slide_up_animation animate\">\n<div class=\"post_col post_col-2\">\n<img loading=\"lazy\" decoding=\"async\" src=\"https:\/\/hosojapan.co.jp\/wp-content\/uploads\/2024\/01\/co2.jpg\" alt=\"\" width=\"450\" height=\"300\" class=\"aligncenter size-full wp-image-228\" srcset=\"https:\/\/hosojapan.co.jp\/vietnamese\/wp-content\/uploads\/2024\/01\/co2.jpg 450w, https:\/\/hosojapan.co.jp\/vietnamese\/wp-content\/uploads\/2024\/01\/co2-300x200.jpg 300w\" sizes=\"auto, (max-width: 450px) 100vw, 450px\" \/>\n<\/div>\n<div class=\"post_col post_col-2 slide_up_animation\">\n<div class=\"q_frame q_frame1\"><span class=\"q_frame_label\"><\/span>Ph\u01b0\u01a1ng ch\u00e2m ho\u1ea1t \u0111\u1ed9ng<br \/>\n\u2022 \u0110\u1ea1t m\u1ee5c ti\u00eau SBT (Gi\u1ea3m ph\u1ea1m vi 1, 2)<br \/>\n\u2022 T\u00edch c\u1ef1c s\u1eed d\u1ee5ng n\u0103ng l\u01b0\u1ee3ng t\u00e1i t\u1ea1o<\/div>\n<div class=\"q_frame q_frame3\"><span class=\"q_frame_label\">K P I\u30fbS D G s<\/span>\u2022 Ph\u00e1t th\u1ea3i CO2: Gi\u1ea3m 42% v\u00e0o n\u0103m 2030 (so v\u1edbi n\u0103m 2021)<br \/>\n\u2022 L\u01b0\u1ee3ng kh\u00ed th\u1ea3i CO2: g\u1ea7n nh\u01b0 b\u1eb1ng 0 v\u00e0o n\u0103m 2050 (\u0111\u1ea1t \u0111\u01b0\u1ee3c m\u1ee9c \u0111\u1ed9 trung h\u00f2a carbon)<br \/>\n\u2022 T\u1ef7 tr\u1ecdng \u0111i\u1ec7n n\u0103ng  t\u1eeb n\u0103ng l\u01b0\u1ee3ng t\u00e1i t\u1ea1o \u0111\u1ebfn n\u0103m 2030: 60%<br \/>\n\u2022 T\u1ef7 tr\u1ecdng \u0111i\u1ec7n n\u0103ng t\u1eeb n\u0103ng l\u01b0\u1ee3ng t\u00e1i t\u1ea1o \u0111\u1ebfn n\u0103m 2050: 100%<\/div>\n<p><img loading=\"lazy\" decoding=\"async\" src=\"http:\/\/hosojapan.co.jp\/vietnamese\/wp-content\/uploads\/2024\/05\/sdsg01.jpg\" alt=\"\" width=\"331\" height=\"100\" class=\"aligncenter size-full wp-image-1519\" srcset=\"https:\/\/hosojapan.co.jp\/vietnamese\/wp-content\/uploads\/2024\/05\/sdsg01.jpg 331w, https:\/\/hosojapan.co.jp\/vietnamese\/wp-content\/uploads\/2024\/05\/sdsg01-300x91.jpg 300w\" sizes=\"auto, (max-width: 331px) 100vw, 331px\" \/>\n<\/div>\n<\/div>\n<h4 class=\"styled_h4\">M\u1ee5c ti\u00eau SBT<\/h4>\n<p>Hoso Sangyo \u0111\u00e3 nh\u1eadn \u0111\u01b0\u1ee3c ch\u1ee9ng nh\u1eadn &#8220;S\u00e1ng ki\u1ebfn SBT (S\u00e1ng ki\u1ebfn d\u1ef1a tr\u00ean m\u1ee5c ti\u00eau khoa h\u1ecdc)&#8221; v\u00e0o th\u00e1ng 11 n\u0103m 2022.<\/p>\n<div class=\"post_row\">\n<div class=\"post_col post_col-2\">\n<ol class=\"q_styled_ol\">\n<li>Th\u00fac \u0111\u1ea9y gi\u1ea3m 42% l\u01b0\u1ee3ng ph\u00e1t th\u1ea3i kh\u00ed nh\u00e0 k\u00ednh (Ph\u1ea1m vi 1 v\u00e0 2) v\u00e0o n\u0103m 2030 so v\u1edbi n\u0103m 2021.<\/li>\n<li>\u0110o l\u01b0\u1ee3ng kh\u00ed th\u1ea3i (Ph\u1ea1m vi 3) v\u00e0 n\u1ed7 l\u1ef1c gi\u1ea3m thi\u1ec3u ch\u00fang<\/li>\n<\/ol>\n<p><span style=\"font-size: 80%;\">*C\u00e1c m\u1ee5c ti\u00eau \u0111\u01b0\u1ee3c x\u00e1c l\u1eadp \u0111\u00f3 l\u00e0 tham v\u1ecdng \u0111\u01b0\u1ee3c c\u00f4ng nh\u1eadn b\u1edfi c\u00e1c quy tr\u00ecnh hi\u1ec7n t\u1ea1i v\u00e0 \u0111\u1ea1t ch\u1ee9ng nh\u1eadn ti\u00eau chu\u1ea9n 1.5\u00b0C<\/span><\/p>\n<p>\u30fbGi\u1ea3m t\u00e1c \u0111\u1ed9ng \u0111\u1ebfn m\u00f4i tr\u01b0\u1eddng.<br \/>\n\u30fbS\u1eed d\u1ee5ng n\u0103ng l\u01b0\u1ee3ng t\u00e1i t\u1ea1o.<br \/>\n\u30fbTh\u00fac \u0111\u1ea9y vi\u1ec7c chuy\u1ec3n \u0111\u1ed5i \u0111i\u1ec7n sang n\u0103ng l\u01b0\u1ee3ng t\u00e1i t\u1ea1o.<br \/>\n\u30fbHi\u1ec7u su\u1ea5t h\u00f3a m\u1ed9t c\u00e1ch li\u00ean t\u1ee5c  vi\u1ec7c s\u1eed d\u1ee5ng n\u0103ng l\u01b0\u1ee3ng b\u1eb1ng c\u00e1ch n\u00e2ng c\u1ea5p thi\u1ebft b\u1ecb v\u00e0 \u0111\u1ea7u t\u01b0 thi\u1ebft b\u1ecb m\u1edbi<br \/>\n\u30fbThi\u1ebft l\u1eadp m\u1ee5c ti\u00eau v\u00e0 c\u00f4ng b\u1ed1 th\u00f4ng tin minh b\u1ea1ch ph\u00f9 h\u1ee3p v\u1edbi Th\u1ecfa thu\u1eadn Paris<\/p><\/div>\n<div class=\"post_col post_col-2\"><img loading=\"lazy\" decoding=\"async\" src=\"https:\/\/hosojapan.co.jp\/wp-content\/uploads\/2024\/02\/nutorallogo.jpg\" alt=\"\" width=\"360\" height=\"202\" class=\"aligncenter size-full wp-image-319\" srcset=\"https:\/\/hosojapan.co.jp\/vietnamese\/wp-content\/uploads\/2024\/02\/nutorallogo.jpg 360w, https:\/\/hosojapan.co.jp\/vietnamese\/wp-content\/uploads\/2024\/02\/nutorallogo-300x168.jpg 300w\" sizes=\"auto, (max-width: 360px) 100vw, 360px\" \/><\/p>\n<div class=\"q_frame q_frame1\"><span class=\"q_frame_label\"><\/span>SBT (S\u00e1ng ki\u1ebfn M\u1ee5c ti\u00eau D\u1ef1a tr\u00ean Khoa h\u1ecdc) l\u00e0 s\u00e1ng ki\u1ebfn chung c\u1ee7a WWF (Qu\u1ef9 Qu\u1ed1c t\u1ebf B\u1ea3o v\u1ec7 Thi\u00ean nhi\u00ean), CDP (tr\u01b0\u1edbc \u0111\u00e2y l\u00e0 D\u1ef1 \u00e1n C\u00f4ng b\u1ed1 Carbon), WRI (Vi\u1ec7n T\u00e0i nguy\u00ean Th\u1ebf gi\u1edbi) v\u00e0 Hi\u1ec7p \u01b0\u1edbc To\u00e0n c\u1ea7u c\u1ee7a Li\u00ean h\u1ee3p qu\u1ed1c,  t\u1ed5 ch\u1ee9c ki\u1ec3m tra v\u00e0 x\u00e1c nh\u1eadn xem c\u00e1c m\u1ee5c ti\u00eau gi\u1ea3m thi\u1ec3u c\u00f3 ph\u00f9 h\u1ee3p v\u1edbi ki\u1ebfn th\u1ee9c khoa h\u1ecdc hay ko nh\u1eb1m \u0111\u1ea1t \u0111\u01b0\u1ee3c m\u1ee5c ti\u00eau \u201cgi\u1eef m\u1ee9c t\u0103ng nhi\u1ec7t \u0111\u1ed9 trung b\u00ecnh to\u00e0n c\u1ea7u d\u01b0\u1edbi 2 \u0111\u1ed9 C\u201d nh\u01b0 \u0111\u00e3 \u0111\u1ec1 ra trong Th\u1ecfa thu\u1eadn Paris.<\/div>\n<p>\u25bc Trang ch\u1ee7 SBT<br \/>\n<a href=\"https:\/\/sciencebasedtargets.org\/\" rel=\"noopener\" target=\"_blank\">https:\/\/sciencebasedtargets.org<\/a><\/div>\n<\/div>\n<h4 class=\"styled_h4\">L\u1ed9 tr\u00ecnh h\u01b0\u1edbng t\u1edbi trung h\u00f2a carbon v\u00e0o n\u0103m 2050<\/h4>\n<p><img loading=\"lazy\" decoding=\"async\" src=\"https:\/\/hosojapan.co.jp\/wp-content\/uploads\/2026\/04\/hoso_carbonneutral25_01.jpg\" alt=\"\" width=\"1400\" height=\"627\" class=\"aligncenter size-full wp-image-1638\" \/><\/p>\n<h5 class=\"styled_h5\">K\u1ebf ho\u1ea1ch gi\u1ea3m ph\u00e1t th\u1ea3i CO2<\/h5>\n<p><img loading=\"lazy\" decoding=\"async\" src=\"https:\/\/hosojapan.co.jp\/wp-content\/uploads\/2026\/04\/hoso_carbonneutral25_02.jpg\" alt=\"\" width=\"1400\" height=\"627\" class=\"aligncenter size-full wp-image-1639\" \/><\/p>\n<h6>K\u1ebft qu\u1ea3 ph\u00e1t th\u1ea3i CO2<\/h6>\n<p>\u2796 <a href=\"https:\/\/hosojapan.co.jp\/wp-content\/uploads\/2025\/04\/\u24602022\u5e741\u6708\u671fGHG\u6392\u51fa\u91cf.pdf\" target=\"_blank\" rel=\"noopener\">\uff08\u57fa\u6e96\u5e74\u5ea6\uff092022\u5e741\u6708\u671f \u5b9f\u7e3e\uff082021\/2\u6708\u301c2022\/1\u6708\uff09 <i class=\"fas fa-external-link-alt\"><\/i><\/a><br \/>\n\u2796 <a href=\"https:\/\/hosojapan.co.jp\/wp-content\/uploads\/2025\/04\/\u24612023\u5e741\u6708\u671fGHG\u6392\u51fa\u91cf.pdf\" target=\"_blank\" rel=\"noopener\">2023\u5e741\u6708\u671f \u5b9f\u7e3e\uff082022\/2\u6708\u301c2023\/1\u6708\uff09 <i class=\"fas fa-external-link-alt\"><\/i><\/a><br \/>\n\u2796 <a href=\"https:\/\/hosojapan.co.jp\/wp-content\/uploads\/2025\/04\/\u24622024\u5e741\u6708\u671fGHG\u6392\u51fa\u91cf.pdf\" target=\"_blank\" rel=\"noopener\">2024\u5e741\u6708\u671f \u5b9f\u7e3e\uff082023\/2\u6708\uff5e2024\/1\u6708\uff09 <i class=\"fas fa-external-link-alt\"><\/i><\/a><br \/>\n\u3000 \u30fc <a href=\"https:\/\/hosojapan.co.jp\/wp-content\/uploads\/2025\/04\/\u2463\u30ab\u30fc\u30dc\u30f3\u30aa\u30d5\u30bb\u30c3\u30c8\u8a3c\u66f8.pdf\" target=\"_blank\" rel=\"noopener\">\u30ab\u30fc\u30dc\u30f3\u30aa\u30d5\u30bb\u30c3\u30c8\u8a3c\u66f8 <i class=\"fas fa-external-link-alt\"><\/i><\/a><br \/>\n\u2796 <a href=\"https:\/\/hosojapan.co.jp\/wp-content\/uploads\/2025\/04\/\u24642025\u5e741\u6708\u671fGHG\u6392\u51fa\u91cf.pdf\" target=\"_blank\" rel=\"noopener\">2024\u5e745\u6708\u671f \u5b9f\u7e3e\uff082024\/2\u6708\uff5e2025\/1\u6708\uff09 <i class=\"fas fa-external-link-alt\"><\/i><\/a><br \/>\n\u3000 \u30fc <a href=\"https:\/\/hosojapan.co.jp\/wp-content\/uploads\/2025\/04\/\u2465\u518d\u751f\u53ef\u80fd\u30a8\u30cd\u30eb\u30ae\u30fc\u8abf\u9054\u8a3c\u660e\u66f8.pdf\" target=\"_blank\" rel=\"noopener\">\u518d\u751f\u53ef\u80fd\u30a8\u30cd\u30eb\u30ae\u30fc\u8abf\u9054\u8a3c\u660e\u66f8 <i class=\"fas fa-external-link-alt\"><\/i><\/a><\/p>\n<p><!--\n[su_spacer]\n\n\n\n<h4 class=\"styled_h4\">Gi\u1ea5y ch\u1ee9ng nh\u1eadn b\u00f9 \u0111\u1eafp carbon<\/h4>\n\n\n<a href=\"https:\/\/hosojapan.co.jp\/wp-content\/uploads\/2024\/03\/carbon_offset_certificate.pdf\" target=\"_blank\" rel=\"noopener\"><img decoding=\"async\" src=\"https:\/\/hosojapan.co.jp\/wp-content\/uploads\/2024\/03\/carbon_offset_certificate-scaled.jpg\" alt=\"\" width=\"800\" height=\"auto\" class=\"aligncenter size-full wp-image-1222\" srcset=\"https:\/\/hosojapan.co.jp\/vietnamese\/wp-content\/uploads\/2024\/03\/carbon_offset_certificate-scaled.jpg 1810w, https:\/\/hosojapan.co.jp\/vietnamese\/wp-content\/uploads\/2024\/03\/carbon_offset_certificate-212x300.jpg 212w, https:\/\/hosojapan.co.jp\/vietnamese\/wp-content\/uploads\/2024\/03\/carbon_offset_certificate-724x1024.jpg 724w, https:\/\/hosojapan.co.jp\/vietnamese\/wp-content\/uploads\/2024\/03\/carbon_offset_certificate-768x1086.jpg 768w, https:\/\/hosojapan.co.jp\/vietnamese\/wp-content\/uploads\/2024\/03\/carbon_offset_certificate-1086x1536.jpg 1086w, https:\/\/hosojapan.co.jp\/vietnamese\/wp-content\/uploads\/2024\/03\/carbon_offset_certificate-1448x2048.jpg 1448w\" sizes=\"(max-width: 1810px) 100vw, 1810px\" \/><\/a>\n\n\n\n\n<h6>\u904e\u5e74\u5ea6\u306e\u30ab\u30fc\u30dc\u30f3\u30aa\u30d5\u30bb\u30c3\u30c8\u8a3c\u66f8<\/h6>\n\n\n\n\n<p>\u30fc <a href=\"\" target=\"_blank\" rel=\"noopener\">2022\u5e74\u5ea6 <i class=\"fas fa-external-link-alt\"><\/i><\/a>\n\u30fc <a href=\"\" target=\"_blank\" rel=\"noopener\">2021\u5e74\u5ea6 <i class=\"fas fa-external-link-alt\"><\/i><\/a><\/p>\n\n\n--><\/p>\n<div class=\"su-divider su-divider-style-dotted\" style=\"margin:50px 0;border-width:1px;border-color:#cccccc\"><\/div>\n<div class=\"post_row\">\n<div class=\"post_col post_col-3\"><a href=\"https:\/\/hosojapan.co.jp\/vietnamese\/sustainability\/materiality2\/\"><img loading=\"lazy\" decoding=\"async\" src=\"http:\/\/hosojapan.co.jp\/vietnamese\/wp-content\/uploads\/2024\/05\/hoso_SDGs_02_vn.png\" alt=\"\" width=\"580\" height=\"200\" class=\"alignnone size-full wp-image-1509\" srcset=\"https:\/\/hosojapan.co.jp\/vietnamese\/wp-content\/uploads\/2024\/05\/hoso_SDGs_02_vn.png 580w, https:\/\/hosojapan.co.jp\/vietnamese\/wp-content\/uploads\/2024\/05\/hoso_SDGs_02_vn-300x103.png 300w\" sizes=\"auto, (max-width: 580px) 100vw, 580px\" \/><\/a><\/div>\n<div class=\"post_col post_col-3\"><a href=\"https:\/\/hosojapan.co.jp\/vietnamese\/sustainability\/materiality3\/\"><img loading=\"lazy\" decoding=\"async\" src=\"http:\/\/hosojapan.co.jp\/vietnamese\/wp-content\/uploads\/2024\/05\/hoso_SDGs_03_vn.png\" alt=\"\" width=\"580\" height=\"200\" class=\"alignnone size-full wp-image-1508\" srcset=\"https:\/\/hosojapan.co.jp\/vietnamese\/wp-content\/uploads\/2024\/05\/hoso_SDGs_03_vn.png 580w, https:\/\/hosojapan.co.jp\/vietnamese\/wp-content\/uploads\/2024\/05\/hoso_SDGs_03_vn-300x103.png 300w\" sizes=\"auto, (max-width: 580px) 100vw, 580px\" \/><\/a><\/div>\n<div class=\"post_col post_col-3\"><a href=\"https:\/\/hosojapan.co.jp\/vietnamese\/sustainability\/materiality4\/\"><img loading=\"lazy\" decoding=\"async\" src=\"http:\/\/hosojapan.co.jp\/vietnamese\/wp-content\/uploads\/2024\/05\/hoso_SDGs_04_vn.png\" alt=\"\" width=\"580\" height=\"200\" class=\"alignnone size-full wp-image-1507\" srcset=\"https:\/\/hosojapan.co.jp\/vietnamese\/wp-content\/uploads\/2024\/05\/hoso_SDGs_04_vn.png 580w, https:\/\/hosojapan.co.jp\/vietnamese\/wp-content\/uploads\/2024\/05\/hoso_SDGs_04_vn-300x103.png 300w\" sizes=\"auto, (max-width: 580px) 100vw, 580px\" \/><\/a><\/div>\n<\/div>\n","protected":false},"excerpt":{"rendered":"MATERIALITY 01 Nh\u1eefng n\u1ed7 l\u1ef1c t\u00edch c\u1ef1c trong vi\u1ec7c trung h\u00f2a cacbon \u0111\u1ebfn m\u00f4i tr\u01b0\u1eddng to\u00e0n c\u1ea7u Trong ho\u1ea1t \u0111\u1ed9ng kinh doanh c\u1ee7a m\u00ecnh, ch\u00fang t\u00f4i \u0111\u00e3 thi\u1ebft l\u1eadp c\u00e1c ph\u01b0\u01a1ng ch\u00e2m sau \u0111\u00e2y \u0111\u1ec3 n\u1ed7 l\u1ef1c t\u00edch c\u1ef1c th\u00fac \u0111\u1ea9y trung h\u00f2a carbon \u0111\u1ebfn m\u00f4i tr\u01b0\u1eddng to\u00e0n c\u1ea7u. Ph\u01b0\u01a1ng ch\u00e2m ho\u1ea1t \u0111\u1ed9ng \u2022 \u0110\u1ea1t [&hellip;]","protected":false},"author":1,"featured_media":0,"parent":47,"menu_order":3,"comment_status":"closed","ping_status":"closed","template":"","meta":{"footnotes":""},"class_list":["post-210","page","type-page","status-publish","hentry"],"_links":{"self":[{"href":"https:\/\/hosojapan.co.jp\/vietnamese\/wp-json\/wp\/v2\/pages\/210","targetHints":{"allow":["GET"]}}],"collection":[{"href":"https:\/\/hosojapan.co.jp\/vietnamese\/wp-json\/wp\/v2\/pages"}],"about":[{"href":"https:\/\/hosojapan.co.jp\/vietnamese\/wp-json\/wp\/v2\/types\/page"}],"author":[{"embeddable":true,"href":"https:\/\/hosojapan.co.jp\/vietnamese\/wp-json\/wp\/v2\/users\/1"}],"replies":[{"embeddable":true,"href":"https:\/\/hosojapan.co.jp\/vietnamese\/wp-json\/wp\/v2\/comments?post=210"}],"version-history":[{"count":89,"href":"https:\/\/hosojapan.co.jp\/vietnamese\/wp-json\/wp\/v2\/pages\/210\/revisions"}],"predecessor-version":[{"id":1556,"href":"https:\/\/hosojapan.co.jp\/vietnamese\/wp-json\/wp\/v2\/pages\/210\/revisions\/1556"}],"up":[{"embeddable":true,"href":"https:\/\/hosojapan.co.jp\/vietnamese\/wp-json\/wp\/v2\/pages\/47"}],"wp:attachment":[{"href":"https:\/\/hosojapan.co.jp\/vietnamese\/wp-json\/wp\/v2\/media?parent=210"}],"curies":[{"name":"wp","href":"https:\/\/api.w.org\/{rel}","templated":true}]}}