{"id":3,"date":"2023-12-20T16:33:48","date_gmt":"2023-12-20T07:33:48","guid":{"rendered":"http:\/\/mbrain-server.hippy.jp\/hoso3\/?page_id=3"},"modified":"2024-05-02T17:38:21","modified_gmt":"2024-05-02T08:38:21","slug":"privacy-policy","status":"publish","type":"page","link":"https:\/\/hosojapan.co.jp\/vietnamese\/contact\/privacy-policy\/","title":{"rendered":"Ch\u00ednh s\u00e1ch b\u1ea3o m\u1eadt"},"content":{"rendered":"<h3 class=\"styled_h3\">Ch\u00ednh s\u00e1ch c\u01a1 b\u1ea3n<\/h3>\n<p>Nh\u1eadn th\u1ee9c \u0111\u01b0\u1ee3c t\u1ea7m quan tr\u1ecdng c\u1ee7a th\u00f4ng tin c\u00e1 nh\u00e2n, tin r\u1eb1ng b\u1ea3o v\u1ec7 th\u00f4ng tin c\u00e1 nh\u00e2n l\u00e0 tr\u00e1ch nhi\u1ec7m x\u00e3 h\u1ed9i, tu\u00e2n th\u1ee7 lu\u1eadt ph\u00e1p v\u1ec1 th\u00f4ng tin c\u00e1 nh\u00e2n , ch\u00fang t\u00f4i thu th\u00e2p, s\u1eed d\u1ee5ng v\u00e0 qu\u1ea3n l\u00fd th\u00f4ng tin c\u00e1 nh\u00e2n \u1edf webiste n\u00e0y  m\u1ed9t c\u00e1ch th\u00edch h\u1ee3p.<\/p>\n<h3 class=\"styled_h3\">Ph\u1ea1m vi s\u1eed d\u1ee5ng<\/h3>\n<p>Ch\u00ednh s\u00e1ch b\u1ea3o m\u1eadt n\u00e0y cho bi\u1ebft ch\u00ednh s\u00e1ch m\u00e0 trang web n\u00e0y s\u1ebd tu\u00e2n theo khi x\u1eed l\u00fd th\u00f4ng tin c\u00e1 nh\u00e2n c\u1ee7a b\u1ea1n ho\u1eb7c th\u00f4ng tin t\u01b0\u01a1ng t\u1ef1.<\/p>\n<h3 class=\"styled_h3\">Li\u00ean quan \u0111\u1ebfn s\u1eed d\u1ee5ng th\u00f4ng tin c\u00e1 nh\u00e2n<\/h3>\n<p>Th\u00f4ng tin kh\u00e1ch h\u00e0ng cung c\u1ea5p \u0111\u01b0\u1ee3c s\u1eed d\u1ee5ng trong ph\u1ea1m vi c\u00e1c m\u1ee5c \u0111\u00edch sau<\/p>\n<ul>\n<li>\u0110\u1ec3 x\u00e1c nh\u1eadn danh t\u00ednh <\/li>\n<li>\u0110\u1ec3 x\u00e1c nh\u1eadn v\u00e0 tr\u1ea3 l\u1eddi c\u00e1c c\u00e2u h\u1ecfi, \u00fd ki\u1ebfn, v.v.<\/li>\n<li>\u0110\u1ec3 ph\u00e2n ph\u1ed1i v\u00e0 g\u1eedi e-mail t\u1ea1p ch\u00ed, tin nh\u1eafn tr\u1ef1c ti\u1ebfp, c\u00e1c th\u00f4ng b\u00e1o kh\u00e1c nhau, v.v.<\/li>\n<li>\u0110\u1ec3 ti\u1ebfn h\u00e0nh c\u00e1c chi\u1ebfn d\u1ecbch, kh\u1ea3o s\u00e1t, gi\u00e1m s\u00e1t, ph\u1ecfng v\u1ea5n, v.v.<\/li>\n<li>\u0110\u1ec3 cung c\u1ea5p, c\u1ea3i thi\u1ec7n, ph\u00e1t tri\u1ec3n v\u00e0 ti\u1ebfp th\u1ecb c\u00e1c d\u1ecbch v\u1ee5.<\/li>\n<li>\u0110\u1ec3 cung c\u1ea5p th\u00f4ng tin c\u00e1 nh\u00e2n cho c\u00e1c doanh nghi\u1ec7p, t\u1ed5 ch\u1ee9c li\u00ean k\u1ebft, v.v. d\u1ef1a tr\u00ean s\u1ef1 \u0111\u1ed3ng \u00fd\/\u0111\u01a1n \u0111\u0103ng k\u00fd c\u1ee7a kh\u00e1ch h\u00e0ng<\/li>\n<li>\u0110\u1ec3 \u0111i\u1ec1u tra c\u00e1c h\u00e0nh vi b\u1ecb c\u1ea5m b\u1edfi c\u00e1c \u0111i\u1ec1u kho\u1ea3n s\u1eed d\u1ee5ng, v.v.<\/li>\n<li>C\u00e1c m\u1ee5c \u0111\u00edch kh\u00e1c v\u1edbi s\u1ef1 \u0111\u1ed3ng \u00fd c\u1ee7a kh\u00e1ch h\u00e0ng<\/li>\n<\/ul>\n<h3 class=\"styled_h3\">Li\u00ean quan \u0111\u1ebfn qu\u1ea3n l\u00fd th\u00f4ng tin c\u00e1 nh\u00e2n<\/h3>\n<p>Th\u1ef1c hi\u1ec7n c\u00e1c bi\u1ec7n ph\u00e1p b\u1ea3o m\u1eadt k\u1ef9 l\u01b0\u1ee1ng \u0111\u1ec3 \u0111\u1ea3m b\u1ea3o t\u00ednh ch\u00ednh x\u00e1c v\u00e0 an to\u00e0n  th\u00f4ng tin c\u00e1 nh\u00e2n, \u0111\u1ed3ng th\u1eddi th\u1ef1c hi\u1ec7n c\u00e1c bi\u1ec7n ph\u00e1p b\u1ea3o m\u1eadt c\u1ea7n thi\u1ebft v\u00e0 ph\u00f9 h\u1ee3p \u0111\u1ec3 ng\u0103n ng\u1eeba c\u00e1c r\u1ee7i ro nh\u01b0 r\u00f2 r\u1ec9, gi\u1ea3 m\u1ea1o v\u00e0 truy c\u1eadp tr\u00e1i ph\u00e9p th\u00f4ng tin c\u00e1 nh\u00e2n.<br \/>\nS\u1eed d\u1ee5ng m\u00e3 h\u00f3a SSL \u0111\u1ec3 ng\u0103n ch\u1eb7n th\u00f4ng tin quan tr\u1ecdng b\u1ecb b\u00ean th\u1ee9 ba \u0111\u1ecdc ho\u1eb7c gi\u1ea3 m\u1ea1o.<\/p>\n<h3 class=\"styled_h3\">Li\u00ean quan \u0111\u1ebfn vi\u1ec7c ti\u1ebft l\u1ed9 v\u00e0 cung c\u1ea5p th\u00f4ng tin c\u00e1 nh\u00e2n cho b\u00ean th\u1ee9 ba.<\/h3>\n<p>S\u1ebd kh\u00f4ng cung c\u1ea5p th\u00f4ng tin c\u00e1 nh\u00e2n cho b\u00ean th\u1ee9 ba tr\u1eeb khi c\u00f3 l\u00fd do ch\u00ednh \u0111\u00e1ng, bao g\u1ed3m nh\u1eefng l\u00fd do sau.<\/p>\n<ul>\n<li>Khi c\u00f3 s\u1ef1 \u0111\u1ed3ng \u00fd c\u1ee7a kh\u00e1ch h\u00e0ng<\/li>\n<li>Khi d\u1ef1a tr\u00ean lu\u1eadt ph\u00e1p v\u00e0 c\u00e1c quy \u0111\u1ecbnh<\/li>\n<li>Khi c\u1ea7n thi\u1ebft \u0111\u1ec3 b\u1ea3o v\u1ec7 t\u00ednh m\u1ea1ng, th\u00e2n th\u1ec3, t\u00e0i s\u1ea3n c\u1ee7a con ng\u01b0\u1eddi<\/li>\n<li>Khi c\u1ea7n thi\u1ebft cho s\u1ee9c kh\u1ecfe c\u1ed9ng \u0111\u1ed3ng v\u00e0 s\u1ef1 ph\u00e1t tri\u1ec3n l\u00e0nh m\u1ea1nh c\u1ee7a tr\u1ebb em.<\/li>\n<li>Trong tr\u01b0\u1eddng h\u1ee3p h\u1ee3p t\u00e1c v\u1edbi c\u00e1c nghi\u1ec7p v\u1ee5 theo quy \u0111\u1ecbnh c\u1ee7a ph\u00e1p lu\u1eadt v\u00e0 quy \u0111\u1ecbnh c\u1ee7a c\u00e1c t\u1ed5 ch\u1ee9c qu\u1ed1c gia, v.v. (ki\u1ec3m to\u00e1n thu\u1ebf, \u0111i\u1ec1u tra th\u1ed1ng k\u00ea, v.v.)<\/li>\n<\/ul>\n<p>C\u00f3 th\u1ec3 \u1ee7y th\u00e1c th\u00f4ng tin c\u00e1 nh\u00e2n cho c\u00e1c c\u00f4ng ty kh\u00e1c trong ph\u1ea1m vi c\u1ea7n thi\u1ebft \u0111\u1ec3 \u0111\u1ea1t \u0111\u01b0\u1ee3c m\u1ee5c \u0111\u00edch s\u1eed d\u1ee5ng.<\/p>\n<h3 class=\"styled_h3\">Li\u00ean quan \u0111\u1ebfn x\u00e1c nh\u1eadn l\u1ea1i th\u00f4ng tin c\u00e1 nh\u00e2n<\/h3>\n<p>V\u1ec1 ti\u1ebft l\u1ed9, ch\u1ec9nh s\u1eeda v\u00e0 \u0111\u00ecnh ch\u1ec9 s\u1eed d\u1ee5ng th\u00f4ng tin c\u00e1 nh\u00e2n, ch\u00fang t\u00f4i s\u1ebd ph\u1ea3n h\u1ed3i d\u1ef1a tr\u00ean quy \u0111\u1ecbnh. Li\u00ean h\u1ec7 ch\u00fang t\u00f4i \u0111\u1ec3 bi\u1ebft c\u00e1ch ti\u1ebfn h\u00e0nh v\u00e0 th\u00f4ng tin c\u1ee5 th\u1ec3<\/p>\n<h3 class=\"styled_h3\">S\u1eed d\u1ee5ng Cookie<\/h3>\n<p>Cookies l\u00e0 c\u01a1 ch\u1ebf l\u01b0u tr\u1eef l\u1ecbch s\u1eed duy\u1ec7t trang web c\u1ee7a ng\u01b0\u1eddi d\u00f9ng tr\u00ean m\u00e1y t\u00ednh c\u1ee7a ng\u01b0\u1eddi d\u00f9ng. Ng\u01b0\u1eddi d\u00f9ng c\u00f3 th\u1ec3 t\u1eeb ch\u1ed1i thu th\u1eadp b\u1eb1ng c\u00e1ch t\u1eaft cookie, v\u00ec v\u1eady vui l\u00f2ng ki\u1ec3m tra c\u00e0i \u0111\u1eb7t tr\u00ecnh duy\u1ec7t c\u1ee7a b\u1ea1n. Tuy nhi\u00ean, n\u1ebfu b\u1ea1n t\u1eeb ch\u1ed1i cookie, m\u1ed9t s\u1ed1 d\u1ecbch v\u1ee5 v\u00e0 ch\u1ee9c n\u0103ng c\u1ee7a trang n\u00e0y c\u00f3 th\u1ec3 kh\u00f4ng ho\u1ea1t \u0111\u1ed9ng b\u00ecnh th\u01b0\u1eddng.<\/p>\n<h3 class=\"styled_h3\">Ph\u00e2n t\u00edch truy c\u1eadp<\/h3>\n<p>Trang web n\u00e0y s\u1eed d\u1ee5ng &#8220;Google Analytics&#8221; do Google cung c\u1ea5p \u0111\u1ec3 ph\u00e2n t\u00edch v\u00e0 c\u1ea3i thi\u1ec7n trang web.<br \/>\nD\u1ecbch v\u1ee5 n\u00e0y s\u1eed d\u1ee5ng cookie \u0111\u1ec3 thu th\u1eadp d\u1eef li\u1ec7u l\u01b0u l\u01b0\u1ee3ng truy c\u1eadp. D\u1eef li\u1ec7u l\u01b0u l\u01b0\u1ee3ng truy c\u1eadp \u0111\u01b0\u1ee3c thu th\u1eadp \u1ea9n danh v\u00e0 kh\u00f4ng nh\u1eadn d\u1ea1ng c\u00e1 nh\u00e2n b\u1ea1n.<\/p>\n<h3 class=\"styled_h3\">M\u1eabu li\u00ean h\u1ec7<\/h3>\n<p>Trang web n\u00e0y thu th\u1eadp d\u1eef li\u1ec7u \u0111\u01b0\u1ee3c hi\u1ec3n th\u1ecb tr\u00ean bi\u1ec3u m\u1eabu y\u00eau c\u1ea7u, c\u0169ng nh\u01b0 \u0111\u1ecba ch\u1ec9 IP v\u00e0 chu\u1ed7i t\u00e1c nh\u00e2n ng\u01b0\u1eddi d\u00f9ng tr\u00ecnh duy\u1ec7t \u0111\u1ec3 gi\u00fap ph\u00e1t hi\u1ec7n th\u01b0 r\u00e1c.<\/p>\n<h4 class=\"styled_h4\">N\u1ed9i dung \u0111\u01b0\u1ee3c nh\u00fang t\u1eeb c\u00e1c trang web kh\u00e1c<\/h4>\n<p>Trang web n\u00e0y c\u00f3 th\u1ec3 bao g\u1ed3m n\u1ed9i dung \u0111\u01b0\u1ee3c nh\u00fang (v\u00ed d\u1ee5: video, h\u00ecnh \u1ea3nh, b\u00e0i \u0111\u0103ng, v.v.). N\u1ed9i dung \u0111\u01b0\u1ee3c nh\u00fang t\u1eeb c\u00e1c trang web kh\u00e1c ho\u1ea1t \u0111\u1ed9ng theo c\u00e1ch gi\u1ed1ng h\u1ec7t nh\u01b0 khi kh\u00e1ch truy c\u1eadp \u0111\u00e3 truy c\u1eadp trang web \u0111\u00f3.<br \/>\nC\u00e1c trang web n\u00e0y c\u00f3 th\u1ec3 thu th\u1eadp d\u1eef li\u1ec7u v\u1ec1 b\u1ea1n, s\u1eed d\u1ee5ng cookie, nh\u00fang t\u00ednh n\u0103ng theo d\u00f5i b\u1ed5 sung c\u1ee7a b\u00ean th\u1ee9 ba v\u00e0 gi\u00e1m s\u00e1t s\u1ef1 t\u01b0\u01a1ng t\u00e1c c\u1ee7a b\u1ea1n v\u1edbi n\u1ed9i dung \u0111\u01b0\u1ee3c nh\u00fang \u0111\u00f3. \u0110i\u1ec1u n\u00e0y bao g\u1ed3m vi\u1ec7c theo d\u00f5i s\u1ef1 t\u01b0\u01a1ng t\u00e1c c\u1ee7a b\u1ea1n v\u1edbi n\u1ed9i dung \u0111\u01b0\u1ee3c nh\u00fang n\u1ebfu b\u1ea1n c\u00f3 t\u00e0i kho\u1ea3n v\u00e0 \u0111\u0103ng nh\u1eadp v\u00e0o trang web \u0111\u00f3.<\/p>\n<h3 class=\"styled_h3\">Mi\u1ec5n tr\u1eeb tr\u00e1ch nhi\u1ec7m<\/h3>\n<p>Ch\u00fang t\u00f4i c\u1ed1 g\u1eafng \u0111\u0103ng th\u00f4ng tin ch\u00ednh x\u00e1c nh\u1ea5t c\u00f3 th\u1ec3 v\u1ec1 n\u1ed9i dung v\u00e0 th\u00f4ng tin tr\u00ean trang n\u00e0y, nh\u01b0ng ch\u00fang t\u00f4i kh\u00f4ng \u0111\u1ea3m b\u1ea3o t\u00ednh ch\u00ednh x\u00e1c ho\u1eb7c an to\u00e0n. Xin l\u01b0u \u00fd r\u1eb1ng ch\u00fang t\u00f4i kh\u00f4ng th\u1ec3 ch\u1ecbu tr\u00e1ch nhi\u1ec7m cho b\u1ea5t k\u1ef3 thi\u1ec7t h\u1ea1i n\u00e0o do n\u1ed9i dung \u0111\u01b0\u1ee3c \u0111\u0103ng tr\u00ean trang n\u00e0y g\u00e2y ra.<br \/>\nN\u1ebfu b\u1ea1n chuy\u1ec3n t\u1eeb trang n\u00e0y sang trang kh\u00e1c th\u00f4ng qua li\u00ean k\u1ebft ho\u1eb7c bi\u1ec3u ng\u1eef, ch\u00fang t\u00f4i kh\u00f4ng ch\u1ecbu tr\u00e1ch nhi\u1ec7m v\u1ec1 th\u00f4ng tin, d\u1ecbch v\u1ee5, v.v. \u0111\u01b0\u1ee3c cung c\u1ea5p t\u1ea1i trang \u0111\u00edch.<br \/>\nGi\u00e1 \u0111\u01b0\u1ee3c li\u1ec7t k\u00ea tr\u00ean trang web n\u00e0y c\u00f3 th\u1ec3 thay \u0111\u1ed5i m\u00e0 kh\u00f4ng c\u1ea7n th\u00f4ng b\u00e1o tr\u01b0\u1edbc.<\/p>\n<h3 class=\"styled_h3\">B\u1ea3n quy\u1ec1n , quy\u1ec1n b\u1ea3o v\u1ec7 h\u00ecnh \u1ea3nh<\/h3>\n<p>B\u1ea3n quy\u1ec1n, quy\u1ec1n b\u1ea3o v\u1ec7 h\u00ecnh \u1ea3nh c\u1ee7a t\u1ea5t c\u1ea3 n\u1ed9i dung \u0111\u01b0\u1ee3c \u0111\u0103ng tr\u00ean trang n\u00e0y (v\u0103n b\u1ea3n, h\u00ecnh \u1ea3nh, video, \u00e2m thanh, t\u1ec7p, v.v.) \u0111\u1ec1u thu\u1ed9c s\u1edf h\u1eefu c\u1ee7a ch\u1ee7 s\u1edf h\u1eefu trang web ho\u1eb7c ch\u1ee7 s\u1edf h\u1eefu quy\u1ec1n t\u01b0\u01a1ng \u1ee9ng v\u00e0 vi\u1ec7c s\u1eed d\u1ee5ng tr\u00e1i ph\u00e9p (in l\u1ea1i, sao ch\u00e9p, v.v.)  m\u00e0 kh\u00f4ng \u0111\u01b0\u1ee3c ph\u00e9p \u0111\u1ec1u b\u1ecb c\u1ea5m, chuy\u1ec3n nh\u01b0\u1ee3ng, s\u1eed d\u1ee5ng th\u1ee9 c\u1ea5p, v.v.) \u0111\u1ec1u b\u1ecb c\u1ea5m. H\u01a1n n\u1eefa, ch\u00fang t\u00f4i kh\u00f4ng cho ph\u00e9p b\u1ea5t k\u1ef3 s\u1eeda \u0111\u1ed5i, thay \u0111\u1ed5i ho\u1eb7c b\u1ed5 sung n\u00e0o \u0111\u1ed1i v\u1edbi n\u1ed9i dung.<br \/>\nN\u1ebfu b\u1ea1n c\u00f3 b\u1ea5t k\u1ef3 v\u1ea5n \u0111\u1ec1 n\u00e0o v\u1edbi n\u1ed9i dung \u0111\u00e3 xu\u1ea5t b\u1ea3n, vui l\u00f2ng li\u00ean h\u1ec7 v\u1edbi t\u1eebng ch\u1ee7 b\u1ea3n quy\u1ec1n. Ch\u00fang t\u00f4i s\u1ebd ph\u1ea3n h\u1ed3i nhanh ch\u00f3ng.<\/p>\n<h3 class=\"styled_h3\">\u0110\u01b0\u1eddng link<\/h3>\n<p>V\u1ec1 nguy\u00ean t\u1eafc, trang n\u00e0y kh\u00f4ng c\u00f3 li\u00ean k\u1ebft. Kh\u00f4ng c\u1ea7n s\u1ef1 cho ph\u00e9p ho\u1eb7c li\u00ean h\u1ec7 \u0111\u1ec3 li\u00ean k\u1ebft. Khi tr\u00edch d\u1eabn vui l\u00f2ng ghi r\u00f5 ngu\u1ed3n v\u00e0 d\u1eabn link \u0111\u1ebfn trang li\u00ean quan. Tuy nhi\u00ean, vui l\u00f2ng h\u1ea1n ch\u1ebf li\u00ean k\u1ebft tr\u1ef1c ti\u1ebfp t\u1edbi t\u1ec7p h\u00ecnh \u1ea3nh ho\u1eb7c hi\u1ec3n th\u1ecb li\u00ean k\u1ebft trong c\u00e1c trang HTML b\u1eb1ng khung n\u1ed9i tuy\u1ebfn.<\/p>\n<h3 class=\"styled_h3\">Li\u00ean l\u1ea1c<\/h3>\n<p>M\u1ecdi \u00fd ki\u1ebfn, th\u1eafc m\u1eafc, khi\u1ebfu n\u1ea1i v\u00e0 c\u00e1c th\u1eafc m\u1eafc kh\u00e1c li\u00ean quan \u0111\u1ebfn vi\u1ec7c x\u1eed l\u00fd th\u00f4ng tin ng\u01b0\u1eddi d\u00f9ng, vui l\u00f2ng li\u00ean h\u1ec7<\/p>\n<p>C\u00f4ng ty C\u1ed5 ph\u1ea7n Hoso Sangyou<br \/>\nM\u00e3 b\u01b0u \u0111i\u1ec7n 509-0146 T\u1ec9nh Gifu Th\u00e0nh ph\u1ed1 Kakamigahara Th\u1ecb tr\u1ea5n Unuma Mitsuike khu ph\u1ed1 6 khu d\u00e2n c\u01b0 424-1<br \/>\nTEL\uff1a058-384-4905\u3000FAX\uff1a058-384-4908<br \/>\nE-mail\uff1a<a href=\"https:\/\/hosojapan.co.jp\/vietnamese\/contact\/\">Li\u00ean h\u1ec7<\/a><\/p>\n<h3 class=\"styled_h3\">Nh\u1eefng thay \u0111\u1ed5i \u0111\u1ed1i v\u1edbi ch\u00ednh s\u00e1ch quy\u1ec1n ri\u00eang t\u01b0 n\u00e0y<\/h3>\n<p>Ch\u00fang t\u00f4i s\u1ebd li\u00ean t\u1ee5c  xem x\u00e9t n\u1ed9i dung c\u1ee7a ch\u00ednh s\u00e1ch b\u1ea3o v\u1ec7 th\u00f4ng tin c\u00e1 nh\u00e2n n\u00e0y v\u00e0 c\u1ed1 g\u1eafng c\u1ea3i thi\u1ec7n n\u00f3.<br \/>\nCh\u00ednh s\u00e1ch b\u1ea3o m\u1eadt n\u00e0y c\u00f3 th\u1ec3 thay \u0111\u1ed5i m\u00e0 kh\u00f4ng c\u1ea7n th\u00f4ng b\u00e1o tr\u01b0\u1edbc.<br \/>\nNh\u1eefng thay \u0111\u1ed5i \u0111\u1ed1i v\u1edbi Ch\u00ednh s\u00e1ch b\u1ea3o v\u1ec7 th\u00f4ng tin c\u00e1 nh\u00e2n s\u1ebd c\u00f3 hi\u1ec7u l\u1ef1c khi \u0111\u01b0\u1ee3c \u0111\u0103ng tr\u00ean trang n\u00e0y.<\/p>\n","protected":false},"excerpt":{"rendered":"Ch\u00ednh s\u00e1ch c\u01a1 b\u1ea3n Nh\u1eadn th\u1ee9c \u0111\u01b0\u1ee3c t\u1ea7m quan tr\u1ecdng c\u1ee7a th\u00f4ng tin c\u00e1 nh\u00e2n, tin r\u1eb1ng b\u1ea3o v\u1ec7 th\u00f4ng tin c\u00e1 nh\u00e2n l\u00e0 tr\u00e1ch nhi\u1ec7m x\u00e3 h\u1ed9i, tu\u00e2n th\u1ee7 lu\u1eadt ph\u00e1p v\u1ec1 th\u00f4ng tin c\u00e1 nh\u00e2n , ch\u00fang t\u00f4i thu th\u00e2p, s\u1eed d\u1ee5ng v\u00e0 qu\u1ea3n l\u00fd th\u00f4ng tin c\u00e1 nh\u00e2n \u1edf webiste n\u00e0y m\u1ed9t [&hellip;]","protected":false},"author":1,"featured_media":0,"parent":41,"menu_order":8,"comment_status":"closed","ping_status":"open","template":"","meta":{"footnotes":""},"class_list":["post-3","page","type-page","status-publish","hentry"],"_links":{"self":[{"href":"https:\/\/hosojapan.co.jp\/vietnamese\/wp-json\/wp\/v2\/pages\/3","targetHints":{"allow":["GET"]}}],"collection":[{"href":"https:\/\/hosojapan.co.jp\/vietnamese\/wp-json\/wp\/v2\/pages"}],"about":[{"href":"https:\/\/hosojapan.co.jp\/vietnamese\/wp-json\/wp\/v2\/types\/page"}],"author":[{"embeddable":true,"href":"https:\/\/hosojapan.co.jp\/vietnamese\/wp-json\/wp\/v2\/users\/1"}],"replies":[{"embeddable":true,"href":"https:\/\/hosojapan.co.jp\/vietnamese\/wp-json\/wp\/v2\/comments?post=3"}],"version-history":[{"count":8,"href":"https:\/\/hosojapan.co.jp\/vietnamese\/wp-json\/wp\/v2\/pages\/3\/revisions"}],"predecessor-version":[{"id":1506,"href":"https:\/\/hosojapan.co.jp\/vietnamese\/wp-json\/wp\/v2\/pages\/3\/revisions\/1506"}],"up":[{"embeddable":true,"href":"https:\/\/hosojapan.co.jp\/vietnamese\/wp-json\/wp\/v2\/pages\/41"}],"wp:attachment":[{"href":"https:\/\/hosojapan.co.jp\/vietnamese\/wp-json\/wp\/v2\/media?parent=3"}],"curies":[{"name":"wp","href":"https:\/\/api.w.org\/{rel}","templated":true}]}}